{"id":7185,"date":"2016-10-06T16:47:11","date_gmt":"2016-10-06T14:47:11","guid":{"rendered":"http:\/\/optimitzat.com\/ca\/?page_id=7185"},"modified":"2019-08-06T18:19:35","modified_gmt":"2019-08-06T16:19:35","slug":"energia-i-motivacio-raudals-frw","status":"publish","type":"page","link":"https:\/\/optimitzat.com\/ca\/energia-i-motivacio-raudals-frw\/","title":{"rendered":"ENERGIA I MOTIVACI\u00d3 A RAUDALS (FRW)"},"content":{"rendered":"<p>[et_pb_section admin_label=&#8221;Secci\u00f3n&#8221; fullwidth=&#8221;off&#8221; specialty=&#8221;off&#8221; transparent_background=&#8221;on&#8221; allow_player_pause=&#8221;off&#8221; inner_shadow=&#8221;off&#8221; parallax=&#8221;off&#8221; parallax_method=&#8221;off&#8221; padding_mobile=&#8221;off&#8221; make_fullwidth=&#8221;off&#8221; use_custom_width=&#8221;off&#8221; width_unit=&#8221;on&#8221; make_equal=&#8221;off&#8221; use_custom_gutter=&#8221;off&#8221;][et_pb_row admin_label=&#8221;Fila&#8221;][et_pb_column type=&#8221;4_4&#8243;][et_pb_text admin_label=&#8221;T\u00edtol&#8221; background_layout=&#8221;light&#8221; text_orientation=&#8221;left&#8221; text_font=&#8221;|on|||&#8221; text_font_size=&#8221;24&#8243; use_border_color=&#8221;off&#8221; border_color=&#8221;#ffffff&#8221; border_style=&#8221;solid&#8221; custom_margin=&#8221;35px||25px|&#8221;]<\/p>\n<p style=\"text-align: center;\"><span style=\"font-size: 36pt; color: #ff6600;\">Energia i motivaci\u00f3 a raudals<strong> \u00a0(FIREWALKING)<\/strong><\/span><\/p>\n<p>[\/et_pb_text][\/et_pb_column][\/et_pb_row][et_pb_row admin_label=&#8221;Fila&#8221; make_fullwidth=&#8221;off&#8221; use_custom_width=&#8221;off&#8221; width_unit=&#8221;on&#8221; use_custom_gutter=&#8221;off&#8221; padding_mobile=&#8221;off&#8221; custom_margin=&#8221;-80px|||&#8221; allow_player_pause=&#8221;off&#8221; parallax=&#8221;off&#8221; parallax_method=&#8221;off&#8221; make_equal=&#8221;off&#8221; parallax_1=&#8221;off&#8221; parallax_method_1=&#8221;off&#8221; column_padding_mobile=&#8221;on&#8221;][et_pb_column type=&#8221;4_4&#8243;][et_pb_divider admin_label=&#8221;Separador&#8221; color=&#8221;#bf5224&#8243; show_divider=&#8221;on&#8221; divider_style=&#8221;solid&#8221; divider_position=&#8221;top&#8221; hide_on_mobile=&#8221;off&#8221;] [\/et_pb_divider][\/et_pb_column][\/et_pb_row][et_pb_row admin_label=&#8221;Fila&#8221; make_fullwidth=&#8221;off&#8221; use_custom_width=&#8221;off&#8221; width_unit=&#8221;on&#8221; use_custom_gutter=&#8221;off&#8221; padding_mobile=&#8221;off&#8221; custom_margin=&#8221;15px|||&#8221; allow_player_pause=&#8221;off&#8221; parallax=&#8221;off&#8221; parallax_method=&#8221;off&#8221; make_equal=&#8221;off&#8221; parallax_1=&#8221;off&#8221; parallax_method_1=&#8221;off&#8221; column_padding_mobile=&#8221;on&#8221;][et_pb_column type=&#8221;1_2&#8243;][et_pb_code admin_label=&#8221;C\u00f3digo&#8221;]&lt;iframe idth=&#8221;360&#8243;height=&#8221;215&#8243;src=&#8221;https:\/\/www.youtube.com\/embed\/5C32POXU48c?rel=0&amp;showinfo=0&#8243; frameborder=&#8221;0&#8243; allowfullscreen&gt;&lt;\/iframe&gt;[\/et_pb_code][\/et_pb_column][et_pb_column type=&#8221;1_2&#8243;][et_pb_text admin_label=&#8221;Texto&#8221; background_layout=&#8221;light&#8221; text_orientation=&#8221;left&#8221; use_border_color=&#8221;off&#8221; border_color=&#8221;#ffffff&#8221; border_style=&#8221;solid&#8221;]<\/p>\n<p>&nbsp;<\/p>\n<p>&nbsp;<\/p>\n<p>&nbsp;<\/p>\n<p><span style=\"font-family: verdana, geneva, sans-serif; font-size: 12pt;\">&#8220;Abans de la formaci\u00f3 em sentia amb por. Ara estic plet\u00f2rica i he aconseguit superar barreres aprenent el que la por em limitava. Em sento amb forces i positiva perqu\u00e8 no tinc por. La meva vida ha canviat a millor.<\/span><br \/>\n<span style=\"font-family: verdana, geneva, sans-serif; font-size: 12pt;\"> Jordi i Rafa s\u00f3n dinamitzadors i educadors que permeten que treguis el millor&#8221;.<\/span><\/p>\n<p><span style=\"font-family: verdana, geneva, sans-serif; font-size: 12pt;\">Isabel Sabido<\/span><\/p>\n<p>[\/et_pb_text][\/et_pb_column][\/et_pb_row][et_pb_row admin_label=&#8221;Fila&#8221; make_fullwidth=&#8221;off&#8221; use_custom_width=&#8221;off&#8221; width_unit=&#8221;on&#8221; use_custom_gutter=&#8221;off&#8221; padding_mobile=&#8221;off&#8221; custom_margin=&#8221;35px|||&#8221; allow_player_pause=&#8221;off&#8221; parallax=&#8221;off&#8221; parallax_method=&#8221;off&#8221; make_equal=&#8221;off&#8221; parallax_1=&#8221;off&#8221; parallax_method_1=&#8221;off&#8221; parallax_2=&#8221;off&#8221; parallax_method_2=&#8221;off&#8221; column_padding_mobile=&#8221;on&#8221;][et_pb_column type=&#8221;2_3&#8243;][et_pb_image admin_label=&#8221;Imagen&#8221; src=&#8221;https:\/\/optimitzat.com\/wp-content\/uploads\/2016\/10\/IWEB-CONFER23-9-16.jpg&#8221; show_in_lightbox=&#8221;off&#8221; url_new_window=&#8221;off&#8221; use_overlay=&#8221;off&#8221; animation=&#8221;off&#8221; sticky=&#8221;off&#8221; align=&#8221;left&#8221; force_fullwidth=&#8221;off&#8221; always_center_on_mobile=&#8221;on&#8221; use_border_color=&#8221;off&#8221; border_color=&#8221;#ffffff&#8221; border_style=&#8221;solid&#8221;] [\/et_pb_image][\/et_pb_column][et_pb_column type=&#8221;1_3&#8243;][et_pb_text admin_label=&#8221;Intro1&#8243; background_layout=&#8221;light&#8221; text_orientation=&#8221;left&#8221; use_border_color=&#8221;off&#8221; border_color=&#8221;#ffffff&#8221; border_style=&#8221;solid&#8221; text_line_height=&#8221;2.3em&#8221; text_letter_spacing=&#8221;2px&#8221;] <span style=\"font-family: verdana, geneva, sans-serif; font-size: 10pt;\">\u201cJo no havia dormit en tota la nit, pel punyeter insomni. Vaig estar a punt de tirar la tovallola, trucar i dir-li que em disculp\u00e9s. En canvi, hi va haver un &#8220;S\u00ed, tu pots&#8221; m\u00e0gic que es va ficar en el meu cap i em va fer arribar com un somn\u00e0mbul\u00a0al seminari de firewalking.<\/span> <span style=\"font-family: verdana, geneva, sans-serif; font-size: 10pt;\">Un cop all\u00e0 no vaig notar la son m\u00e9s que els primers 10 segons. Entrar a les 9 del mat\u00ed a un &#8220;afther hours&#8221;. Comen\u00e7ar a abra\u00e7ar a tothom, a mirar-me per dins, a con\u00e8ixer-me, a descobrir-me i trencar per dins, i al final el veure com tots hav\u00edeu crescut, va ser una experi\u00e8ncia que em va portar fins a les 12 de la nit a tope&#8230;. gr\u00e0cies amics, no s\u00e9 si tindria paraules per explicar el meu agra\u00efment, aix\u00ed que simplement &#8220;us dono una abra\u00e7ada d&#8217;aquests que alimenten&#8221; \u00a0a tots&#8221;.<\/span> <span style=\"font-family: verdana, geneva, sans-serif; font-size: 10pt;\">Tirso Molina \u00a0(Advocat)<\/span> [\/et_pb_text][\/et_pb_column][\/et_pb_row][et_pb_row admin_label=&#8221;Fila&#8221; make_fullwidth=&#8221;off&#8221; use_custom_width=&#8221;off&#8221; width_unit=&#8221;on&#8221; use_custom_gutter=&#8221;off&#8221; padding_mobile=&#8221;off&#8221; custom_margin=&#8221;35px|||&#8221; allow_player_pause=&#8221;off&#8221; parallax=&#8221;off&#8221; parallax_method=&#8221;off&#8221; make_equal=&#8221;off&#8221; parallax_1=&#8221;off&#8221; parallax_method_1=&#8221;off&#8221; column_padding_mobile=&#8221;on&#8221;][et_pb_column type=&#8221;4_4&#8243;][et_pb_divider admin_label=&#8221;Separador&#8221; color=&#8221;#bf5224&#8243; show_divider=&#8221;on&#8221; divider_style=&#8221;solid&#8221; divider_position=&#8221;top&#8221; hide_on_mobile=&#8221;off&#8221;] [\/et_pb_divider][et_pb_text admin_label=&#8221;Intro3&#8243; background_layout=&#8221;light&#8221; text_orientation=&#8221;left&#8221; use_border_color=&#8221;off&#8221; border_color=&#8221;#ffffff&#8221; border_style=&#8221;solid&#8221; text_line_height=&#8221;1.9em&#8221; custom_margin=&#8221;45px|||&#8221;]<\/p>\n<h2 style=\"text-align: justify;\"><span style=\"font-family: verdana, geneva, sans-serif; font-size: 14pt; color: #000000;\">Si has arribat fins aqu\u00ed no \u00e9s per casualitat, si no per <strong>causalitat<\/strong>, perqu\u00e8 tens ganes de passar a l\u00b4acci\u00f3 i carregar-te d\u00b4energia per impulsar els teus resultats.<\/span><\/h2>\n<p>&nbsp;<\/p>\n<p><span style=\"font-family: verdana, geneva, sans-serif; font-size: 14pt; color: #000000;\">Diga\u00b4m quins s\u00f3n els teus dubtes per a prendre\u00a0la millor decisi\u00f3, truca\u00b4m al \u00a0655-43.97.43<\/span><\/p>\n<p>&nbsp;<\/p>\n<p><span style=\"font-family: verdana, geneva, sans-serif; font-size: 14pt; color: #000000;\">I si l\u00b4\u00fanic\u00a0problema s\u00f3n els diners vull ajudar-te amb aquesta increible proposta:<\/span><\/p>\n<p>[\/et_pb_text][\/et_pb_column][\/et_pb_row][et_pb_row admin_label=&#8221;Fila&#8221; make_fullwidth=&#8221;off&#8221; use_custom_width=&#8221;off&#8221; width_unit=&#8221;on&#8221; use_custom_gutter=&#8221;off&#8221; padding_mobile=&#8221;off&#8221; allow_player_pause=&#8221;off&#8221; parallax=&#8221;off&#8221; parallax_method=&#8221;off&#8221; make_equal=&#8221;off&#8221; parallax_1=&#8221;off&#8221; parallax_method_1=&#8221;off&#8221; parallax_2=&#8221;off&#8221; parallax_method_2=&#8221;off&#8221; column_padding_mobile=&#8221;on&#8221; custom_margin=&#8221;||-40px|&#8221;][et_pb_column type=&#8221;1_2&#8243;][et_pb_image admin_label=&#8221;Imagen&#8221; src=&#8221;https:\/\/optimitzat.com\/wp-content\/uploads\/2016\/10\/Cita-amb-les-teves-metes2-cat-15-10-16-FRW-jpg_mini.jpg&#8221; show_in_lightbox=&#8221;off&#8221; url_new_window=&#8221;off&#8221; use_overlay=&#8221;off&#8221; animation=&#8221;off&#8221; sticky=&#8221;off&#8221; align=&#8221;left&#8221; force_fullwidth=&#8221;off&#8221; always_center_on_mobile=&#8221;on&#8221; use_border_color=&#8221;off&#8221; border_color=&#8221;#ffffff&#8221; border_style=&#8221;solid&#8221;] [\/et_pb_image][\/et_pb_column][et_pb_column type=&#8221;1_2&#8243;][et_pb_text admin_label=&#8221;Texto&#8221; background_layout=&#8221;light&#8221; text_orientation=&#8221;left&#8221; use_border_color=&#8221;off&#8221; border_color=&#8221;#ffffff&#8221; border_style=&#8221;solid&#8221;]<\/p>\n<p style=\"text-align: center;\"><span style=\"font-family: verdana, geneva, sans-serif; font-size: 14pt;\">Preu oficial del seminari: \u00a0<del><strong>363\u20ac<\/strong><\/del><\/span><\/p>\n<p style=\"text-align: center;\"><span style=\"color: #0000ff;\"><strong><span style=\"font-family: verdana, geneva, sans-serif; font-size: 14pt;\">Per a tu, sols 247\u20ac<\/span><\/strong><\/span><\/p>\n<p style=\"text-align: center;\"><a href=\"https:\/\/optimitzat.com\/ca\/cita-amb-les-teves-metes\/\"><img decoding=\"async\" class=\"aligncenter wp-image-7190\" src=\"https:\/\/optimitzat.com\/wp-content\/uploads\/2016\/10\/S\u00ed-ho-vull-boto-compra-300x120.jpg\" alt=\"firewalking lleida\" width=\"230\" height=\"92\" srcset=\"https:\/\/optimitzat.com\/wp-content\/uploads\/2016\/10\/S\u00ed-ho-vull-boto-compra-300x120.jpg 300w, https:\/\/optimitzat.com\/wp-content\/uploads\/2016\/10\/S\u00ed-ho-vull-boto-compra.jpg 500w\" sizes=\"(max-width: 230px) 100vw, 230px\" \/><\/a><\/p>\n<p style=\"text-align: center;\"><span style=\"font-family: verdana, geneva, sans-serif; font-size: 12pt;\"><strong>\u00a0<\/strong><\/span><\/p>\n<p>&nbsp;<\/p>\n<p>[\/et_pb_text][\/et_pb_column][\/et_pb_row][et_pb_row admin_label=&#8221;Fila&#8221; make_fullwidth=&#8221;off&#8221; use_custom_width=&#8221;off&#8221; width_unit=&#8221;on&#8221; use_custom_gutter=&#8221;off&#8221; padding_mobile=&#8221;off&#8221; custom_margin=&#8221;-20px|||&#8221; allow_player_pause=&#8221;off&#8221; parallax=&#8221;off&#8221; parallax_method=&#8221;off&#8221; make_equal=&#8221;off&#8221; parallax_1=&#8221;off&#8221; parallax_method_1=&#8221;off&#8221; column_padding_mobile=&#8221;on&#8221;][et_pb_column type=&#8221;4_4&#8243;][et_pb_text admin_label=&#8221;Intro3&#8243; background_layout=&#8221;light&#8221; text_orientation=&#8221;left&#8221; use_border_color=&#8221;off&#8221; border_color=&#8221;#ffffff&#8221; border_style=&#8221;solid&#8221; text_line_height=&#8221;1.9em&#8221; custom_margin=&#8221;45px|||&#8221;]<\/p>\n<p><span style=\"font-family: verdana, geneva, sans-serif; font-size: 14pt;\"><strong>Atenci\u00f3 \u00faltimes 5 places per a tancar l\u00b4event. \u00a0Nou megabono afegit.<\/strong><\/span><\/p>\n<p><span style=\"font-family: verdana, geneva, sans-serif; font-size: 14pt;\"><strong>Aprofita per temps limitat aquests bonos i descomptes:<\/strong><\/span><\/p>\n<p><span style=\"font-family: verdana, geneva, sans-serif; font-size: 14pt;\"><strong>* BONO N\u00ba 1: \u00a0 \u00a0<span style=\"color: #ff0000;\">-32% descompte<\/span><\/strong><\/span><br \/>\n<span style=\"font-family: verdana, geneva, sans-serif; font-size: 14pt;\"><del>363 \u20ac<\/del> \u00a0 \u00a0 \u00a0 <strong>\u00a0 247\u20ac \u00a0 \u00a0 \u00a0 \u00a0 \u00a0\u00a0<\/strong><\/span><\/p>\n<p><span style=\"font-family: verdana, geneva, sans-serif; font-size: 14pt;\"><strong>* BONO N\u00ba 2: \u00a0S\u00f3lo per als <del>10<\/del> \u00a05\u00a0 primers inscrits<\/strong><\/span><\/p>\n<p><span style=\"font-family: verdana, geneva, sans-serif; font-size: 14pt;\"><strong>1 sessi\u00f3 de coaching<\/strong>\u00a0amb un coach professional certificat per la ICF valorada en 100<\/span><\/p>\n<p><span style=\"font-family: verdana, geneva, sans-serif; font-size: 14pt;\"><strong>* Nou BONO N\u00ba 3: \u00a0V\u00eddeocurs \u00a0Aposta per tu \u00a0en el que de forma pr\u00e0ctica treballar\u00e0s el teu autoconeixement, imprescindible per avan\u00e7ar, l\u00b4automotivaci\u00f3, descubrir\u00e0s els teus valors i \u00a0les 4 \u201cC\u201d de l\u00b4\u00e8xit, amb plantilles de treball i pr\u00e0ctics exercicis.<\/strong><\/span><\/p>\n<p><span style=\"font-family: verdana, geneva, sans-serif; font-size: 14pt;\"><strong>S\u00f3ls per als <del>10<\/del> \u00a05\u00a0 primers inscrits<\/strong><\/span><\/p>\n<p>&nbsp;<\/p>\n<p style=\"text-align: center;\"><span style=\"font-family: verdana, geneva, sans-serif; font-size: 14pt;\"><strong>Per a m\u00e9s informaci\u00f3 truca ara al Telf. 655-43.97.43\u00a0<\/strong><\/span><\/p>\n<p>[\/et_pb_text][et_pb_text admin_label=&#8221;Intro3&#8243; background_layout=&#8221;light&#8221; text_orientation=&#8221;left&#8221; use_border_color=&#8221;off&#8221; border_color=&#8221;#ffffff&#8221; border_style=&#8221;solid&#8221; text_line_height=&#8221;1.9em&#8221; custom_margin=&#8221;45px|||&#8221;]<\/p>\n<p><span style=\"font-family: verdana, geneva, sans-serif; font-size: 14pt; color: #ff6600;\">Aprofita tot el teu potencial fent coses impossibles com caminar sobre brases 500\u00ba, i si ets capa\u00e7 de fer aix\u00f2, qu\u00e8 no ser\u00e0s capa\u00e7 de fer en la teva vida personal i professional!<\/span><\/p>\n<p>[\/et_pb_text][\/et_pb_column][\/et_pb_row][et_pb_row admin_label=&#8221;Fila&#8221; make_fullwidth=&#8221;off&#8221; use_custom_width=&#8221;off&#8221; width_unit=&#8221;on&#8221; use_custom_gutter=&#8221;off&#8221; padding_mobile=&#8221;off&#8221; custom_margin=&#8221;-20px|||&#8221; allow_player_pause=&#8221;off&#8221; parallax=&#8221;off&#8221; parallax_method=&#8221;off&#8221; make_equal=&#8221;off&#8221; parallax_1=&#8221;off&#8221; parallax_method_1=&#8221;off&#8221; column_padding_mobile=&#8221;on&#8221;][et_pb_column type=&#8221;4_4&#8243;][\/et_pb_column][\/et_pb_row][\/et_pb_section]<\/p>\n","protected":false},"excerpt":{"rendered":"<p>Energia i motivaci\u00f3 a raudals \u00a0(FIREWALKING) &nbsp; &nbsp; &nbsp; &#8220;Abans de la formaci\u00f3 em sentia amb por. Ara estic plet\u00f2rica i he aconseguit superar barreres aprenent el que la por [&hellip;]<\/p>\n","protected":false},"author":5,"featured_media":0,"parent":0,"menu_order":0,"comment_status":"closed","ping_status":"closed","template":"","meta":{"_acf_changed":false,"_et_pb_use_builder":"on","_et_pb_old_content":"","_et_gb_content_width":"","footnotes":""},"class_list":["post-7185","page","type-page","status-publish","hentry"],"acf":[],"yoast_head":"<!-- This site is optimized with the Yoast SEO plugin v27.3 - https:\/\/yoast.com\/product\/yoast-seo-wordpress\/ -->\n<title>ENERGIA I MOTIVACI\u00d3 A RAUDALS (FRW) - Optimitzat<\/title>\n<meta name=\"robots\" content=\"index, follow, max-snippet:-1, max-image-preview:large, max-video-preview:-1\" \/>\n<link rel=\"canonical\" href=\"https:\/\/optimitzat.com\/ca\/energia-i-motivacio-raudals-frw\/\" \/>\n<meta property=\"og:locale\" content=\"ca_ES\" \/>\n<meta property=\"og:type\" content=\"article\" \/>\n<meta property=\"og:title\" content=\"ENERGIA I MOTIVACI\u00d3 A RAUDALS (FRW) - Optimitzat\" \/>\n<meta property=\"og:description\" content=\"Energia i motivaci\u00f3 a raudals \u00a0(FIREWALKING) &nbsp; &nbsp; &nbsp; &quot;Abans de la formaci\u00f3 em sentia amb por. Ara estic plet\u00f2rica i he aconseguit superar barreres aprenent el que la por [&hellip;]\" \/>\n<meta property=\"og:url\" content=\"https:\/\/optimitzat.com\/ca\/energia-i-motivacio-raudals-frw\/\" \/>\n<meta property=\"og:site_name\" content=\"Optimitzat\" \/>\n<meta property=\"article:modified_time\" content=\"2019-08-06T16:19:35+00:00\" \/>\n<meta property=\"og:image\" content=\"https:\/\/optimitzat.com\/wp-content\/uploads\/2016\/10\/S\u00ed-ho-vull-boto-compra-300x120.jpg\" \/>\n<meta name=\"twitter:card\" content=\"summary_large_image\" \/>\n<meta name=\"twitter:label1\" content=\"Temps estimat de lectura\" \/>\n\t<meta name=\"twitter:data1\" content=\"7 minuts\" \/>\n<script type=\"application\/ld+json\" class=\"yoast-schema-graph\">{\"@context\":\"https:\\\/\\\/schema.org\",\"@graph\":[{\"@type\":\"WebPage\",\"@id\":\"https:\\\/\\\/optimitzat.com\\\/ca\\\/energia-i-motivacio-raudals-frw\\\/\",\"url\":\"https:\\\/\\\/optimitzat.com\\\/ca\\\/energia-i-motivacio-raudals-frw\\\/\",\"name\":\"ENERGIA I MOTIVACI\u00d3 A RAUDALS (FRW) - Optimitzat\",\"isPartOf\":{\"@id\":\"https:\\\/\\\/optimitzat.com\\\/ca\\\/#website\"},\"datePublished\":\"2016-10-06T14:47:11+00:00\",\"dateModified\":\"2019-08-06T16:19:35+00:00\",\"breadcrumb\":{\"@id\":\"https:\\\/\\\/optimitzat.com\\\/ca\\\/energia-i-motivacio-raudals-frw\\\/#breadcrumb\"},\"inLanguage\":\"ca\",\"potentialAction\":[{\"@type\":\"ReadAction\",\"target\":[\"https:\\\/\\\/optimitzat.com\\\/ca\\\/energia-i-motivacio-raudals-frw\\\/\"]}]},{\"@type\":\"BreadcrumbList\",\"@id\":\"https:\\\/\\\/optimitzat.com\\\/ca\\\/energia-i-motivacio-raudals-frw\\\/#breadcrumb\",\"itemListElement\":[{\"@type\":\"ListItem\",\"position\":1,\"name\":\"Portada\",\"item\":\"https:\\\/\\\/optimitzat.com\\\/ca\\\/inici\\\/\"},{\"@type\":\"ListItem\",\"position\":2,\"name\":\"ENERGIA I MOTIVACI\u00d3 A RAUDALS (FRW)\"}]},{\"@type\":\"WebSite\",\"@id\":\"https:\\\/\\\/optimitzat.com\\\/ca\\\/#website\",\"url\":\"https:\\\/\\\/optimitzat.com\\\/ca\\\/\",\"name\":\"Optimitzat\",\"description\":\"Ventas, Liderazgo Equipos Alto rendimiento y Motivaci\u00f3n\",\"potentialAction\":[{\"@type\":\"SearchAction\",\"target\":{\"@type\":\"EntryPoint\",\"urlTemplate\":\"https:\\\/\\\/optimitzat.com\\\/ca\\\/?s={search_term_string}\"},\"query-input\":{\"@type\":\"PropertyValueSpecification\",\"valueRequired\":true,\"valueName\":\"search_term_string\"}}],\"inLanguage\":\"ca\"}]}<\/script>\n<!-- \/ Yoast SEO plugin. -->","yoast_head_json":{"title":"ENERGIA I MOTIVACI\u00d3 A RAUDALS (FRW) - Optimitzat","robots":{"index":"index","follow":"follow","max-snippet":"max-snippet:-1","max-image-preview":"max-image-preview:large","max-video-preview":"max-video-preview:-1"},"canonical":"https:\/\/optimitzat.com\/ca\/energia-i-motivacio-raudals-frw\/","og_locale":"ca_ES","og_type":"article","og_title":"ENERGIA I MOTIVACI\u00d3 A RAUDALS (FRW) - Optimitzat","og_description":"Energia i motivaci\u00f3 a raudals \u00a0(FIREWALKING) &nbsp; &nbsp; &nbsp; \"Abans de la formaci\u00f3 em sentia amb por. Ara estic plet\u00f2rica i he aconseguit superar barreres aprenent el que la por [&hellip;]","og_url":"https:\/\/optimitzat.com\/ca\/energia-i-motivacio-raudals-frw\/","og_site_name":"Optimitzat","article_modified_time":"2019-08-06T16:19:35+00:00","og_image":[{"url":"https:\/\/optimitzat.com\/wp-content\/uploads\/2016\/10\/S\u00ed-ho-vull-boto-compra-300x120.jpg","type":"","width":"","height":""}],"twitter_card":"summary_large_image","twitter_misc":{"Temps estimat de lectura":"7 minuts"},"schema":{"@context":"https:\/\/schema.org","@graph":[{"@type":"WebPage","@id":"https:\/\/optimitzat.com\/ca\/energia-i-motivacio-raudals-frw\/","url":"https:\/\/optimitzat.com\/ca\/energia-i-motivacio-raudals-frw\/","name":"ENERGIA I MOTIVACI\u00d3 A RAUDALS (FRW) - Optimitzat","isPartOf":{"@id":"https:\/\/optimitzat.com\/ca\/#website"},"datePublished":"2016-10-06T14:47:11+00:00","dateModified":"2019-08-06T16:19:35+00:00","breadcrumb":{"@id":"https:\/\/optimitzat.com\/ca\/energia-i-motivacio-raudals-frw\/#breadcrumb"},"inLanguage":"ca","potentialAction":[{"@type":"ReadAction","target":["https:\/\/optimitzat.com\/ca\/energia-i-motivacio-raudals-frw\/"]}]},{"@type":"BreadcrumbList","@id":"https:\/\/optimitzat.com\/ca\/energia-i-motivacio-raudals-frw\/#breadcrumb","itemListElement":[{"@type":"ListItem","position":1,"name":"Portada","item":"https:\/\/optimitzat.com\/ca\/inici\/"},{"@type":"ListItem","position":2,"name":"ENERGIA I MOTIVACI\u00d3 A RAUDALS (FRW)"}]},{"@type":"WebSite","@id":"https:\/\/optimitzat.com\/ca\/#website","url":"https:\/\/optimitzat.com\/ca\/","name":"Optimitzat","description":"Ventas, Liderazgo Equipos Alto rendimiento y Motivaci\u00f3n","potentialAction":[{"@type":"SearchAction","target":{"@type":"EntryPoint","urlTemplate":"https:\/\/optimitzat.com\/ca\/?s={search_term_string}"},"query-input":{"@type":"PropertyValueSpecification","valueRequired":true,"valueName":"search_term_string"}}],"inLanguage":"ca"}]}},"_links":{"self":[{"href":"https:\/\/optimitzat.com\/ca\/wp-json\/wp\/v2\/pages\/7185","targetHints":{"allow":["GET"]}}],"collection":[{"href":"https:\/\/optimitzat.com\/ca\/wp-json\/wp\/v2\/pages"}],"about":[{"href":"https:\/\/optimitzat.com\/ca\/wp-json\/wp\/v2\/types\/page"}],"author":[{"embeddable":true,"href":"https:\/\/optimitzat.com\/ca\/wp-json\/wp\/v2\/users\/5"}],"replies":[{"embeddable":true,"href":"https:\/\/optimitzat.com\/ca\/wp-json\/wp\/v2\/comments?post=7185"}],"version-history":[{"count":19,"href":"https:\/\/optimitzat.com\/ca\/wp-json\/wp\/v2\/pages\/7185\/revisions"}],"predecessor-version":[{"id":11163,"href":"https:\/\/optimitzat.com\/ca\/wp-json\/wp\/v2\/pages\/7185\/revisions\/11163"}],"wp:attachment":[{"href":"https:\/\/optimitzat.com\/ca\/wp-json\/wp\/v2\/media?parent=7185"}],"curies":[{"name":"wp","href":"https:\/\/api.w.org\/{rel}","templated":true}]}}