{"id":6853,"date":"2016-09-12T16:26:56","date_gmt":"2016-09-12T16:26:56","guid":{"rendered":"http:\/\/optimitzat.com\/ca\/?page_id=6853"},"modified":"2016-09-16T16:15:01","modified_gmt":"2016-09-16T16:15:01","slug":"conferencia-gratuita-els-5-secrets-per-generar-teu-canvi","status":"publish","type":"page","link":"https:\/\/optimitzat.com\/ca\/inicivella\/conferencia-gratuita-els-5-secrets-per-generar-teu-canvi\/","title":{"rendered":"Confer\u00e8ncia gratuita: Els 5 secrets per a generar el teu canvi"},"content":{"rendered":"<p>[et_pb_section admin_label=&#8221;section&#8221; transparent_background=&#8221;off&#8221; background_color=&#8221;#ffffff&#8221; allow_player_pause=&#8221;off&#8221; inner_shadow=&#8221;off&#8221; parallax=&#8221;off&#8221; parallax_method=&#8221;off&#8221; custom_padding=&#8221;|220px||220px&#8221; padding_mobile=&#8221;off&#8221; make_fullwidth=&#8221;off&#8221; use_custom_width=&#8221;off&#8221; width_unit=&#8221;on&#8221; make_equal=&#8221;off&#8221; use_custom_gutter=&#8221;off&#8221;][et_pb_row admin_label=&#8221;row&#8221; make_fullwidth=&#8221;on&#8221; use_custom_width=&#8221;off&#8221; width_unit=&#8221;on&#8221; use_custom_gutter=&#8221;on&#8221; gutter_width=&#8221;1&#8243; padding_mobile=&#8221;off&#8221; allow_player_pause=&#8221;off&#8221; parallax=&#8221;off&#8221; parallax_method=&#8221;off&#8221; make_equal=&#8221;off&#8221; parallax_1=&#8221;off&#8221; parallax_method_1=&#8221;off&#8221; column_padding_mobile=&#8221;on&#8221; custom_margin=&#8221;||60px|&#8221; parallax_2=&#8221;off&#8221; parallax_method_2=&#8221;off&#8221; parallax_3=&#8221;off&#8221; parallax_method_3=&#8221;off&#8221; custom_padding=&#8221;||30px|&#8221; background_color_1=&#8221;#ffffff&#8221;][et_pb_column type=&#8221;3_4&#8243;][\/et_pb_column][et_pb_column type=&#8221;1_4&#8243;][et_pb_image admin_label=&#8221;Imagen&#8221; src=&#8221;https:\/\/optimitzat.com\/wp-content\/uploads\/2016\/04\/1LOGO-OPTIMITZAT-300&#215;300.jpg&#8221; show_in_lightbox=&#8221;off&#8221; url_new_window=&#8221;off&#8221; use_overlay=&#8221;off&#8221; animation=&#8221;off&#8221; sticky=&#8221;off&#8221; align=&#8221;center&#8221; force_fullwidth=&#8221;off&#8221; always_center_on_mobile=&#8221;on&#8221; use_border_color=&#8221;off&#8221; border_color=&#8221;#ffffff&#8221; border_style=&#8221;solid&#8221; custom_margin=&#8221;-50px|20px|25px|&#8221;] [\/et_pb_image][\/et_pb_column][\/et_pb_row][et_pb_row admin_label=&#8221;row&#8221; make_fullwidth=&#8221;on&#8221; use_custom_width=&#8221;off&#8221; width_unit=&#8221;on&#8221; use_custom_gutter=&#8221;on&#8221; gutter_width=&#8221;1&#8243; padding_mobile=&#8221;off&#8221; allow_player_pause=&#8221;off&#8221; parallax=&#8221;off&#8221; parallax_method=&#8221;off&#8221; make_equal=&#8221;off&#8221; parallax_1=&#8221;off&#8221; parallax_method_1=&#8221;off&#8221; column_padding_mobile=&#8221;on&#8221; custom_margin=&#8221;-30px||-60px|&#8221; background_color_1=&#8221;#ffffff&#8221;][et_pb_column type=&#8221;4_4&#8243;][et_pb_text admin_label=&#8221;Texto&#8221; background_layout=&#8221;light&#8221; text_orientation=&#8221;left&#8221; text_font_size=&#8221;38&#8243; background_color=&#8221;#ffffff&#8221; use_border_color=&#8221;off&#8221; border_color=&#8221;#ffffff&#8221; border_style=&#8221;solid&#8221; custom_margin=&#8221;-75px||-10px|&#8221; header_letter_spacing=&#8221;4px&#8221; header_line_height=&#8221;1.3em&#8221; text_letter_spacing=&#8221;2px&#8221; text_line_height=&#8221;1.8em&#8221;]<\/p>\n<p>&nbsp;<\/p>\n<div class=\"_6a _5v1q rfloat _ohf\">\n<div class=\"_6a _6b\">\n<div style=\"text-align: left;\"><span class=\"_5v1l\" style=\"font-size: 24pt; font-family: georgia, palatino, serif;\">T\u00b4agradaria descobrir els 5 secrets per a generar el teu canvi?<\/span><\/div>\n<div style=\"text-align: left;\"><\/div>\n<\/div>\n<div style=\"text-align: left;\"><span style=\"font-family: georgia, palatino, serif; font-size: 24pt;\">Confer\u00e8ncia gratuita a la\u00a0Universitat de Lleida (UDL)<\/span><\/div>\n<\/div>\n<p>[\/et_pb_text][\/et_pb_column][\/et_pb_row][et_pb_row admin_label=&#8221;row&#8221; make_fullwidth=&#8221;on&#8221; use_custom_width=&#8221;off&#8221; width_unit=&#8221;on&#8221; use_custom_gutter=&#8221;on&#8221; gutter_width=&#8221;1&#8243; padding_mobile=&#8221;off&#8221; allow_player_pause=&#8221;off&#8221; parallax=&#8221;off&#8221; parallax_method=&#8221;off&#8221; make_equal=&#8221;off&#8221; parallax_1=&#8221;off&#8221; parallax_method_1=&#8221;off&#8221; column_padding_mobile=&#8221;on&#8221; custom_margin=&#8221;60px||-50px|&#8221; parallax_2=&#8221;off&#8221; parallax_method_2=&#8221;off&#8221; background_color_1=&#8221;#ffffff&#8221;][et_pb_column type=&#8221;1_2&#8243;][et_pb_image admin_label=&#8221;Imagen&#8221; src=&#8221;https:\/\/optimitzat.com\/wp-content\/uploads\/2016\/09\/IMATGE-OK-EQUIP.jpg&#8221; show_in_lightbox=&#8221;off&#8221; url_new_window=&#8221;off&#8221; use_overlay=&#8221;off&#8221; animation=&#8221;left&#8221; sticky=&#8221;off&#8221; align=&#8221;left&#8221; force_fullwidth=&#8221;off&#8221; always_center_on_mobile=&#8221;on&#8221; use_border_color=&#8221;off&#8221; border_color=&#8221;#ffffff&#8221; border_style=&#8221;solid&#8221; custom_margin=&#8221;|30px||&#8221;] [\/et_pb_image][\/et_pb_column][et_pb_column type=&#8221;1_2&#8243;][et_pb_text admin_label=&#8221;Texto&#8221; background_layout=&#8221;light&#8221; text_orientation=&#8221;left&#8221; text_font_size=&#8221;20&#8243; text_text_color=&#8221;#000000&#8243; background_color=&#8221;#ffffff&#8221; use_border_color=&#8221;off&#8221; border_color=&#8221;#ffffff&#8221; border_style=&#8221;solid&#8221; custom_margin=&#8221;5px|||&#8221; text_line_height=&#8221;2.7em&#8221;]<\/p>\n<p><span style=\"font-family: georgia, palatino, serif; font-size: 24pt;\">En la confer\u00e8ncia gratuita \u201cEls 5 secrets per a generar el teu canvi\u201d \u00a0 \u00a0 \u00a0 t\u00b4emportar\u00e0s:<\/span><\/p>\n<ol>\n<li style=\"text-align: left;\"><span style=\"font-family: georgia, palatino, serif; font-size: 18pt;\">\u00a0Les eines per a donar el pas cap al canvi sense esperar un dia m\u00e9s<\/span><\/li>\n<li style=\"text-align: left;\"><span style=\"font-family: georgia, palatino, serif; font-size: 18pt;\">\u00a0Con\u00e8ixer les barreres i els frens que t\u00b4impideixen aconseguir els teus somnis<\/span><\/li>\n<li style=\"text-align: left;\"><span style=\"font-family: georgia, palatino, serif; font-size: 18pt;\">\u00a0Crear un punt d\u00b4inflexi\u00f3 en la teva vida<\/span><\/li>\n<li style=\"text-align: left;\"><span style=\"font-family: georgia, palatino, serif; font-size: 18pt;\">Descobrir estrat\u00e8gies que han utilitzat les persones de m\u00e9s \u00e8xit<\/span><\/li>\n<li style=\"text-align: left;\"><span style=\"font-family: georgia, palatino, serif; font-size: 18pt;\">Aprendre com la teva ment t\u00b4enganya<\/span><\/li>\n<li style=\"text-align: left;\"><span style=\"font-family: georgia, palatino, serif; font-size: 18pt;\">Aprofitar el poder de la ment per aconseguir resultats extraordinaris amb t\u00e8cniques d\u00b4alt impacte (Firewalking i altres) \u00a0 \u00a0 \u00a0 \u00a0 \u00a0 \u00a0 \u00a0 \u00a0<\/span><\/li>\n<\/ol>\n<p>&nbsp;<\/p>\n<p>&nbsp;<\/p>\n<p>[\/et_pb_text][\/et_pb_column][\/et_pb_row][et_pb_row admin_label=&#8221;row&#8221; make_fullwidth=&#8221;on&#8221; use_custom_width=&#8221;off&#8221; width_unit=&#8221;on&#8221; use_custom_gutter=&#8221;on&#8221; gutter_width=&#8221;1&#8243; padding_mobile=&#8221;off&#8221; allow_player_pause=&#8221;off&#8221; parallax=&#8221;off&#8221; parallax_method=&#8221;off&#8221; make_equal=&#8221;off&#8221; parallax_1=&#8221;off&#8221; parallax_method_1=&#8221;off&#8221; column_padding_mobile=&#8221;on&#8221; custom_padding=&#8221;-70px|||&#8221; custom_margin=&#8221;-70px|||&#8221; background_color_1=&#8221;#ffffff&#8221;][et_pb_column type=&#8221;4_4&#8243;][et_pb_image admin_label=&#8221;Imagen&#8221; src=&#8221;https:\/\/optimitzat.com\/wp-content\/uploads\/2016\/05\/pared-abans-caixa-descarga.png&#8221; show_in_lightbox=&#8221;off&#8221; url_new_window=&#8221;off&#8221; use_overlay=&#8221;off&#8221; animation=&#8221;off&#8221; sticky=&#8221;off&#8221; align=&#8221;center&#8221; force_fullwidth=&#8221;off&#8221; always_center_on_mobile=&#8221;on&#8221; use_border_color=&#8221;off&#8221; border_color=&#8221;#ffffff&#8221; border_style=&#8221;solid&#8221; custom_margin=&#8221;-80px|20px|-20px|&#8221;] [\/et_pb_image][\/et_pb_column][\/et_pb_row][et_pb_row admin_label=&#8221;row&#8221; make_fullwidth=&#8221;on&#8221; use_custom_width=&#8221;off&#8221; width_unit=&#8221;on&#8221; use_custom_gutter=&#8221;on&#8221; gutter_width=&#8221;1&#8243; padding_mobile=&#8221;off&#8221; allow_player_pause=&#8221;off&#8221; parallax=&#8221;off&#8221; parallax_method=&#8221;off&#8221; make_equal=&#8221;off&#8221; parallax_1=&#8221;off&#8221; parallax_method_1=&#8221;off&#8221; column_padding_mobile=&#8221;on&#8221; background_color_1=&#8221;#ffffff&#8221;][et_pb_column type=&#8221;4_4&#8243;][et_pb_text admin_label=&#8221;Texto&#8221; background_layout=&#8221;light&#8221; text_orientation=&#8221;left&#8221; text_font_size=&#8221;20&#8243; text_text_color=&#8221;#000000&#8243; background_color=&#8221;#ffffff&#8221; use_border_color=&#8221;off&#8221; border_color=&#8221;#ffffff&#8221; border_style=&#8221;solid&#8221; custom_margin=&#8221;-20px||20px|&#8221; text_line_height=&#8221;2.1em&#8221; custom_padding=&#8221;0px|||&#8221; header_letter_spacing=&#8221;3px&#8221; header_line_height=&#8221;1.2em&#8221;]<\/p>\n<p><span style=\"font-family: georgia, palatino, serif; font-size: 18pt;\">Data 23 de setembre del 2016 a les 19:00<\/span><\/p>\n<p><span style=\"font-family: georgia, palatino, serif; font-size: 18pt;\">A on? \u00a0 \u00a0 \u00a0Universitat de Lleida (UDL) \u00a0 Sala de Juntes de la Facultat de Dret \u00a0 (C\/ Jaume II, 73, 25001 Lleida)<\/span><\/p>\n<p>&nbsp;<\/p>\n<p><span style=\"font-family: georgia, palatino, serif; font-size: 18pt;\"><strong>Ponents<\/strong>:<\/span><\/p>\n<p><span style=\"font-family: georgia, palatino, serif; font-size: 18pt;\"><strong>Jordi Urgell<\/strong>, Coach professional, consultor i formador. \u00a0M\u00e0ster en Lideratge (UDL). M\u00e0ster en Direcci\u00f3 Comercial, Gesti\u00f3 de Ventes i Marketing (EAE).<br \/>\nCoach professional certificat ICF n\u00ba soci 20121083. Coach Co-Active ACTP (CTI). Especialista Coaching grupal i Lideratge (D\u00b4Arte Coaching). Firewalking Instructor (F.I.R.E \u2013 Firewalking Institute of Research and Education \u2013 Dallas, Texas). Coach Equips (Escola Europea coaching). Coach executiu (TISOC). Analista conductual DISC. \u00a0\u00a0Gerent fundador d\u00b4Optimitzat.<br \/>\n<\/span><br \/>\n<span style=\"font-family: georgia, palatino, serif; font-size: 18pt;\"><strong>Rafael Rodr\u00edguez<\/strong>,\u00a0Consultor i Professor en Direcci\u00f3 de Recursos Humans i Desenvolupament de Compet\u00e8ncies Professionals i Personals durant m\u00e9s de 15 anys.<br \/>\nLlicenciat en Psicologia (UAB). Diplomat en Direcci\u00f3 de Recursos Humans (EADA). Executive Coach (IESE &amp; ICF). Practitioner en PNL (AEPNL). Executive Firewalking Instructor (F.I.R.E \u2013 Firewalking Institute of Research and Education \u2013 Dallas, Texas). DWD Anthony Robbins (California, Palm Springs). \u00a0Fundador Caminando sobre Brasas \u2013 Entrenament d\u00b4 Alt Impacte, \u00a0i University of change.<br \/>\n<\/span><\/p>\n<p>&nbsp;<\/p>\n<p>[\/et_pb_text][et_pb_text admin_label=&#8221;Texto&#8221; background_layout=&#8221;light&#8221; text_orientation=&#8221;left&#8221; text_font_size=&#8221;20&#8243; text_text_color=&#8221;#000000&#8243; background_color=&#8221;#ffffff&#8221; use_border_color=&#8221;off&#8221; border_color=&#8221;#ffffff&#8221; border_style=&#8221;solid&#8221; custom_margin=&#8221;40px||-10px|&#8221; text_line_height=&#8221;2.1em&#8221; custom_padding=&#8221;0px|||&#8221; header_line_height=&#8221;1.1em&#8221;]<\/p>\n<p><span style=\"font-family: georgia, palatino, serif; font-size: 18pt;\"><strong><span style=\"color: #0000ff;\">*INSTRUCCIONS PER A RESERVAR LA TEVA PLA\u00c7A*<\/span><\/strong><\/span><br \/>\n<span style=\"font-family: georgia, palatino, serif; font-size: 18pt;\">Pas 1: \u00a0Envia un missatge per What\u00b4s app al tel\u00e8fon 655 43 97 43 amb la frase \u00a0 <strong>&#8220;Vull aprofitar el meu potencial\u201d<\/strong> \u00a0 i el teu NOM<\/span><\/p>\n<p><span style=\"font-family: georgia, palatino, serif; font-size: 18pt;\">\u00c9s important que realitzis aquest pas per a saber del teu alt inter\u00e8s en la confer\u00e8ncia, ja que hi ha places limitades. <\/span><br \/>\n<span style=\"font-family: georgia, palatino, serif; font-size: 18pt;\">Pots etiquetar a la teva parella, amics o familiars per a que disfrutin de l\u00b4event.<\/span><\/p>\n<p><span style=\"font-family: georgia, palatino, serif; font-size: 18pt;\">T\u00b4esperem!<\/span><\/p>\n<p>[\/et_pb_text][\/et_pb_column][\/et_pb_row][\/et_pb_section]<\/p>\n","protected":false},"excerpt":{"rendered":"<p>&nbsp; T\u00b4agradaria descobrir els 5 secrets per a generar el teu canvi? Confer\u00e8ncia gratuita a la\u00a0Universitat de Lleida (UDL) En la confer\u00e8ncia gratuita \u201cEls 5 secrets per a generar el [&hellip;]<\/p>\n","protected":false},"author":5,"featured_media":0,"parent":39,"menu_order":0,"comment_status":"closed","ping_status":"closed","template":"","meta":{"_acf_changed":false,"_et_pb_use_builder":"on","_et_pb_old_content":"","_et_gb_content_width":"","footnotes":""},"class_list":["post-6853","page","type-page","status-publish","hentry"],"acf":[],"yoast_head":"<!-- This site is optimized with the Yoast SEO plugin v27.3 - https:\/\/yoast.com\/product\/yoast-seo-wordpress\/ -->\n<title>Confer\u00e8ncia gratuita: Els 5 secrets per a generar el teu canvi - Optimitzat<\/title>\n<meta name=\"robots\" content=\"index, follow, max-snippet:-1, max-image-preview:large, max-video-preview:-1\" \/>\n<link rel=\"canonical\" href=\"https:\/\/optimitzat.com\/ca\/inicivella\/conferencia-gratuita-els-5-secrets-per-generar-teu-canvi\/\" \/>\n<meta property=\"og:locale\" content=\"ca_ES\" \/>\n<meta property=\"og:type\" content=\"article\" \/>\n<meta property=\"og:title\" content=\"Confer\u00e8ncia gratuita: Els 5 secrets per a generar el teu canvi - Optimitzat\" \/>\n<meta property=\"og:description\" content=\"&nbsp; T\u00b4agradaria descobrir els 5 secrets per a generar el teu canvi? Confer\u00e8ncia gratuita a la\u00a0Universitat de Lleida (UDL) En la confer\u00e8ncia gratuita \u201cEls 5 secrets per a generar el [&hellip;]\" \/>\n<meta property=\"og:url\" content=\"https:\/\/optimitzat.com\/ca\/inicivella\/conferencia-gratuita-els-5-secrets-per-generar-teu-canvi\/\" \/>\n<meta property=\"og:site_name\" content=\"Optimitzat\" \/>\n<meta property=\"article:modified_time\" content=\"2016-09-16T16:15:01+00:00\" \/>\n<meta name=\"twitter:card\" content=\"summary_large_image\" \/>\n<meta name=\"twitter:label1\" content=\"Temps estimat de lectura\" \/>\n\t<meta name=\"twitter:data1\" content=\"6 minuts\" \/>\n<script type=\"application\/ld+json\" class=\"yoast-schema-graph\">{\"@context\":\"https:\\\/\\\/schema.org\",\"@graph\":[{\"@type\":\"WebPage\",\"@id\":\"https:\\\/\\\/optimitzat.com\\\/ca\\\/inicivella\\\/conferencia-gratuita-els-5-secrets-per-generar-teu-canvi\\\/\",\"url\":\"https:\\\/\\\/optimitzat.com\\\/ca\\\/inicivella\\\/conferencia-gratuita-els-5-secrets-per-generar-teu-canvi\\\/\",\"name\":\"Confer\u00e8ncia gratuita: Els 5 secrets per a generar el teu canvi - Optimitzat\",\"isPartOf\":{\"@id\":\"https:\\\/\\\/optimitzat.com\\\/ca\\\/#website\"},\"datePublished\":\"2016-09-12T16:26:56+00:00\",\"dateModified\":\"2016-09-16T16:15:01+00:00\",\"breadcrumb\":{\"@id\":\"https:\\\/\\\/optimitzat.com\\\/ca\\\/inicivella\\\/conferencia-gratuita-els-5-secrets-per-generar-teu-canvi\\\/#breadcrumb\"},\"inLanguage\":\"ca\",\"potentialAction\":[{\"@type\":\"ReadAction\",\"target\":[\"https:\\\/\\\/optimitzat.com\\\/ca\\\/inicivella\\\/conferencia-gratuita-els-5-secrets-per-generar-teu-canvi\\\/\"]}]},{\"@type\":\"BreadcrumbList\",\"@id\":\"https:\\\/\\\/optimitzat.com\\\/ca\\\/inicivella\\\/conferencia-gratuita-els-5-secrets-per-generar-teu-canvi\\\/#breadcrumb\",\"itemListElement\":[{\"@type\":\"ListItem\",\"position\":1,\"name\":\"Portada\",\"item\":\"https:\\\/\\\/optimitzat.com\\\/ca\\\/inici\\\/\"},{\"@type\":\"ListItem\",\"position\":2,\"name\":\"INICI VELLA\",\"item\":\"https:\\\/\\\/optimitzat.com\\\/ca\\\/inicivella\\\/\"},{\"@type\":\"ListItem\",\"position\":3,\"name\":\"Confer\u00e8ncia gratuita: Els 5 secrets per a generar el teu canvi\"}]},{\"@type\":\"WebSite\",\"@id\":\"https:\\\/\\\/optimitzat.com\\\/ca\\\/#website\",\"url\":\"https:\\\/\\\/optimitzat.com\\\/ca\\\/\",\"name\":\"Optimitzat\",\"description\":\"Ventas, Liderazgo Equipos Alto rendimiento y Motivaci\u00f3n\",\"potentialAction\":[{\"@type\":\"SearchAction\",\"target\":{\"@type\":\"EntryPoint\",\"urlTemplate\":\"https:\\\/\\\/optimitzat.com\\\/ca\\\/?s={search_term_string}\"},\"query-input\":{\"@type\":\"PropertyValueSpecification\",\"valueRequired\":true,\"valueName\":\"search_term_string\"}}],\"inLanguage\":\"ca\"}]}<\/script>\n<!-- \/ Yoast SEO plugin. -->","yoast_head_json":{"title":"Confer\u00e8ncia gratuita: Els 5 secrets per a generar el teu canvi - Optimitzat","robots":{"index":"index","follow":"follow","max-snippet":"max-snippet:-1","max-image-preview":"max-image-preview:large","max-video-preview":"max-video-preview:-1"},"canonical":"https:\/\/optimitzat.com\/ca\/inicivella\/conferencia-gratuita-els-5-secrets-per-generar-teu-canvi\/","og_locale":"ca_ES","og_type":"article","og_title":"Confer\u00e8ncia gratuita: Els 5 secrets per a generar el teu canvi - Optimitzat","og_description":"&nbsp; T\u00b4agradaria descobrir els 5 secrets per a generar el teu canvi? Confer\u00e8ncia gratuita a la\u00a0Universitat de Lleida (UDL) En la confer\u00e8ncia gratuita \u201cEls 5 secrets per a generar el [&hellip;]","og_url":"https:\/\/optimitzat.com\/ca\/inicivella\/conferencia-gratuita-els-5-secrets-per-generar-teu-canvi\/","og_site_name":"Optimitzat","article_modified_time":"2016-09-16T16:15:01+00:00","twitter_card":"summary_large_image","twitter_misc":{"Temps estimat de lectura":"6 minuts"},"schema":{"@context":"https:\/\/schema.org","@graph":[{"@type":"WebPage","@id":"https:\/\/optimitzat.com\/ca\/inicivella\/conferencia-gratuita-els-5-secrets-per-generar-teu-canvi\/","url":"https:\/\/optimitzat.com\/ca\/inicivella\/conferencia-gratuita-els-5-secrets-per-generar-teu-canvi\/","name":"Confer\u00e8ncia gratuita: Els 5 secrets per a generar el teu canvi - Optimitzat","isPartOf":{"@id":"https:\/\/optimitzat.com\/ca\/#website"},"datePublished":"2016-09-12T16:26:56+00:00","dateModified":"2016-09-16T16:15:01+00:00","breadcrumb":{"@id":"https:\/\/optimitzat.com\/ca\/inicivella\/conferencia-gratuita-els-5-secrets-per-generar-teu-canvi\/#breadcrumb"},"inLanguage":"ca","potentialAction":[{"@type":"ReadAction","target":["https:\/\/optimitzat.com\/ca\/inicivella\/conferencia-gratuita-els-5-secrets-per-generar-teu-canvi\/"]}]},{"@type":"BreadcrumbList","@id":"https:\/\/optimitzat.com\/ca\/inicivella\/conferencia-gratuita-els-5-secrets-per-generar-teu-canvi\/#breadcrumb","itemListElement":[{"@type":"ListItem","position":1,"name":"Portada","item":"https:\/\/optimitzat.com\/ca\/inici\/"},{"@type":"ListItem","position":2,"name":"INICI VELLA","item":"https:\/\/optimitzat.com\/ca\/inicivella\/"},{"@type":"ListItem","position":3,"name":"Confer\u00e8ncia gratuita: Els 5 secrets per a generar el teu canvi"}]},{"@type":"WebSite","@id":"https:\/\/optimitzat.com\/ca\/#website","url":"https:\/\/optimitzat.com\/ca\/","name":"Optimitzat","description":"Ventas, Liderazgo Equipos Alto rendimiento y Motivaci\u00f3n","potentialAction":[{"@type":"SearchAction","target":{"@type":"EntryPoint","urlTemplate":"https:\/\/optimitzat.com\/ca\/?s={search_term_string}"},"query-input":{"@type":"PropertyValueSpecification","valueRequired":true,"valueName":"search_term_string"}}],"inLanguage":"ca"}]}},"_links":{"self":[{"href":"https:\/\/optimitzat.com\/ca\/wp-json\/wp\/v2\/pages\/6853","targetHints":{"allow":["GET"]}}],"collection":[{"href":"https:\/\/optimitzat.com\/ca\/wp-json\/wp\/v2\/pages"}],"about":[{"href":"https:\/\/optimitzat.com\/ca\/wp-json\/wp\/v2\/types\/page"}],"author":[{"embeddable":true,"href":"https:\/\/optimitzat.com\/ca\/wp-json\/wp\/v2\/users\/5"}],"replies":[{"embeddable":true,"href":"https:\/\/optimitzat.com\/ca\/wp-json\/wp\/v2\/comments?post=6853"}],"version-history":[{"count":64,"href":"https:\/\/optimitzat.com\/ca\/wp-json\/wp\/v2\/pages\/6853\/revisions"}],"predecessor-version":[{"id":7001,"href":"https:\/\/optimitzat.com\/ca\/wp-json\/wp\/v2\/pages\/6853\/revisions\/7001"}],"up":[{"embeddable":true,"href":"https:\/\/optimitzat.com\/ca\/wp-json\/wp\/v2\/pages\/39"}],"wp:attachment":[{"href":"https:\/\/optimitzat.com\/ca\/wp-json\/wp\/v2\/media?parent=6853"}],"curies":[{"name":"wp","href":"https:\/\/api.w.org\/{rel}","templated":true}]}}