{"id":5159,"date":"2016-02-22T11:48:17","date_gmt":"2016-02-22T11:48:17","guid":{"rendered":"http:\/\/optimitzat.com\/ca\/formacio\/formacion-online\/"},"modified":"2016-10-28T10:55:58","modified_gmt":"2016-10-28T10:55:58","slug":"formacio-online","status":"publish","type":"page","link":"https:\/\/optimitzat.com\/ca\/formacio\/formacio-online\/","title":{"rendered":"FORMACI\u00d3 ONLINE"},"content":{"rendered":"<p>[et_pb_section admin_label=&#8221;Secci\u00f3n&#8221; fullwidth=&#8221;on&#8221; specialty=&#8221;off&#8221;][et_pb_fullwidth_image admin_label=&#8221;Imagen de anchura completa&#8221; src=&#8221;https:\/\/optimitzat.com\/wp-content\/uploads\/2016\/03\/3formacio-llarga-mides_mini.jpg&#8221; show_in_lightbox=&#8221;off&#8221; url_new_window=&#8221;off&#8221; use_overlay=&#8221;off&#8221; animation=&#8221;off&#8221; use_border_color=&#8221;off&#8221; border_color=&#8221;#ffffff&#8221; border_style=&#8221;solid&#8221;] [\/et_pb_fullwidth_image][\/et_pb_section][et_pb_section admin_label=&#8221;Secci\u00f3n&#8221; fullwidth=&#8221;off&#8221; specialty=&#8221;off&#8221; transparent_background=&#8221;on&#8221; allow_player_pause=&#8221;off&#8221; inner_shadow=&#8221;off&#8221; parallax=&#8221;off&#8221; parallax_method=&#8221;off&#8221; padding_mobile=&#8221;off&#8221; make_fullwidth=&#8221;off&#8221; use_custom_width=&#8221;off&#8221; width_unit=&#8221;on&#8221; make_equal=&#8221;off&#8221; use_custom_gutter=&#8221;off&#8221;][et_pb_row admin_label=&#8221;Fila&#8221;][et_pb_column type=&#8221;4_4&#8243;][et_pb_text admin_label=&#8221;T\u00edtol&#8221; background_layout=&#8221;light&#8221; text_orientation=&#8221;left&#8221; text_font=&#8221;|on|||&#8221; text_font_size=&#8221;24&#8243; use_border_color=&#8221;off&#8221; border_color=&#8221;#ffffff&#8221; border_style=&#8221;solid&#8221; custom_margin=&#8221;35px||45px|&#8221;]<\/p>\n<p style=\"text-align: center;\">FORMACI\u00d3 ONLINE<\/p>\n<p>[\/et_pb_text][et_pb_image admin_label=&#8221;Imagen&#8221; src=&#8221;https:\/\/optimitzat.com\/wp-content\/uploads\/2016\/02\/FORMACION-ONLINE-900X450_mini.jpg&#8221; show_in_lightbox=&#8221;off&#8221; url_new_window=&#8221;off&#8221; use_overlay=&#8221;off&#8221; animation=&#8221;left&#8221; sticky=&#8221;off&#8221; align=&#8221;center&#8221; force_fullwidth=&#8221;off&#8221; always_center_on_mobile=&#8221;on&#8221; use_border_color=&#8221;off&#8221; border_color=&#8221;#ffffff&#8221; border_style=&#8221;solid&#8221;] [\/et_pb_image][\/et_pb_column][\/et_pb_row][et_pb_row admin_label=&#8221;Fila&#8221; make_fullwidth=&#8221;off&#8221; use_custom_width=&#8221;off&#8221; width_unit=&#8221;on&#8221; use_custom_gutter=&#8221;off&#8221; padding_mobile=&#8221;off&#8221; custom_margin=&#8221;35px|||&#8221; allow_player_pause=&#8221;off&#8221; parallax=&#8221;off&#8221; parallax_method=&#8221;off&#8221; make_equal=&#8221;off&#8221; parallax_1=&#8221;off&#8221; parallax_method_1=&#8221;off&#8221; column_padding_mobile=&#8221;on&#8221;][et_pb_column type=&#8221;4_4&#8243;][et_pb_text admin_label=&#8221;TEXT&#8221; background_layout=&#8221;light&#8221; text_orientation=&#8221;left&#8221; text_font=&#8221;|on|||&#8221; text_font_size=&#8221;16&#8243; use_border_color=&#8221;off&#8221; border_color=&#8221;#ffffff&#8221; border_style=&#8221;solid&#8221; custom_margin=&#8221;15px|||&#8221; text_letter_spacing=&#8221;1px&#8221; text_line_height=&#8221;2em&#8221;]<\/p>\n<p style=\"text-align: justify;\">Despr\u00e8s de moltes peticions dels meus alumnes, i per a que la dist\u00e0ncia no sigui un problema, he desenvolupat desde coaching lleida una plataforma online per a que puguis seguir al teu ritme i desde casa les meves millors formacions.<\/p>\n<p style=\"text-align: justify;\">I perqu\u00e8 no vull que ning\u00fa se\u00b4ls perdi, t\u00b4asseguro que el preu no ser\u00e0 un problema.<\/p>\n<p style=\"text-align: justify;\">En breu trobar\u00e0s\u00a0els cursos que et permetran potenciar els teus resultats:<\/p>\n<p style=\"text-align: justify;\"><img fetchpriority=\"high\" fetchpriority=\"high\" decoding=\"async\" class=\"aligncenter wp-image-3422 size-medium\" src=\"https:\/\/optimitzat.com\/wp-content\/uploads\/2016\/03\/1LOGO-UNIV.-EXITO-OK-300x255.jpg\" alt=\"firewalking tarragona\" width=\"300\" height=\"255\" \/><\/p>\n<p>[\/et_pb_text][\/et_pb_column][\/et_pb_row][et_pb_row admin_label=&#8221;Fila&#8221; make_fullwidth=&#8221;off&#8221; use_custom_width=&#8221;off&#8221; width_unit=&#8221;on&#8221; use_custom_gutter=&#8221;off&#8221; padding_mobile=&#8221;off&#8221; custom_margin=&#8221;35px|||&#8221; allow_player_pause=&#8221;off&#8221; parallax=&#8221;off&#8221; parallax_method=&#8221;off&#8221; make_equal=&#8221;off&#8221; parallax_1=&#8221;off&#8221; parallax_method_1=&#8221;off&#8221; column_padding_mobile=&#8221;on&#8221;][et_pb_column type=&#8221;4_4&#8243;][et_pb_text admin_label=&#8221;TEXT&#8221; background_layout=&#8221;light&#8221; text_orientation=&#8221;left&#8221; text_font=&#8221;|on|||&#8221; text_font_size=&#8221;16&#8243; use_border_color=&#8221;off&#8221; border_color=&#8221;#ffffff&#8221; border_style=&#8221;solid&#8221; custom_margin=&#8221;35px|||&#8221; text_letter_spacing=&#8221;1px&#8221; text_line_height=&#8221;2em&#8221;]<\/p>\n<h2 style=\"text-align: center;\">Aix\u00f2 \u00e9s el que diuen alguns testimonis:<\/h2>\n<p>[\/et_pb_text][\/et_pb_column][\/et_pb_row][et_pb_row admin_label=&#8221;Fila&#8221;][et_pb_column type=&#8221;1_2&#8243;][et_pb_testimonial admin_label=&#8221;Recomanaci\u00f3&#8221; author=&#8221;Elisabeth Garcia&#8221; url_new_window=&#8221;off&#8221; quote_icon=&#8221;on&#8221; use_background_color=&#8221;on&#8221; background_color=&#8221;rgba(245,245,245,0.93)&#8221; background_layout=&#8221;light&#8221; text_orientation=&#8221;left&#8221; use_border_color=&#8221;off&#8221; border_color=&#8221;#ffffff&#8221; border_style=&#8221;solid&#8221; job_title=&#8221;Directiva&#8221; company_name=&#8221;Hospital Aran&#8221;]<\/p>\n<p style=\"text-align: left;\">Acabada la formaci\u00f3 tinc m\u00e9s confian\u00e7a, he aconseguit coneixements i he apr\u00e8s a comunicar-me millor. \u00a0La meva vida ha canviat a millor.<\/p>\n<p style=\"text-align: left;\">Jordi \u00e9s un gran coach que permet comunicar-te millor amb el teu equip.<\/p>\n<p>[\/et_pb_testimonial][et_pb_testimonial admin_label=&#8221;Recomanaci\u00f3&#8221; author=&#8221;M\u00edriam Ram\u00edrez&#8221; url_new_window=&#8221;off&#8221; quote_icon=&#8221;on&#8221; use_background_color=&#8221;on&#8221; background_color=&#8221;rgba(245,245,245,0.93)&#8221; background_layout=&#8221;light&#8221; text_orientation=&#8221;left&#8221; use_border_color=&#8221;off&#8221; border_color=&#8221;#ffffff&#8221; border_style=&#8221;solid&#8221;]<\/p>\n<p style=\"text-align: left;\">Despr\u00e8s de la\u00a0formaci\u00f3 em sento amb ganes i forces perqu\u00e8 vull i s\u00e9 com fer els canvis.<\/p>\n<p style=\"text-align: left;\">Jordi \u00e9s l\u00b4instrument que permet millorar.<\/p>\n<p>&nbsp;<\/p>\n<p>[\/et_pb_testimonial][\/et_pb_column][et_pb_column type=&#8221;1_2&#8243;][et_pb_testimonial admin_label=&#8221;Recomanaci\u00f3&#8221; author=&#8221;Merc\u00e8 Casta\u00f1\u00e9&#8221; url_new_window=&#8221;off&#8221; quote_icon=&#8221;on&#8221; use_background_color=&#8221;on&#8221; background_color=&#8221;#f5f5f5&#8243; background_layout=&#8221;light&#8221; text_orientation=&#8221;left&#8221; use_border_color=&#8221;off&#8221; border_color=&#8221;#ffffff&#8221; border_style=&#8221;solid&#8221;]<\/p>\n<p style=\"text-align: left;\">Despr\u00e8s de\u00a0la formaci\u00f3 he aconseguit estar relaxada, disfrutar fent activitats i he apr\u00e8s moltes eines per al meu creixement. Ara em sento m\u00e9s positiva i receptiva perqu\u00e8 em sento millor.<\/p>\n<p style=\"text-align: left;\">Jordi \u00e9s un gran coach que permet guanyar i millorar com persona.<\/p>\n<p>[\/et_pb_testimonial][et_pb_testimonial admin_label=&#8221;Recomanaci\u00f3&#8221; author=&#8221;Nerea G\u00f3mez&#8221; url_new_window=&#8221;off&#8221; quote_icon=&#8221;on&#8221; use_background_color=&#8221;on&#8221; background_color=&#8221;#f5f5f5&#8243; background_layout=&#8221;light&#8221; text_orientation=&#8221;left&#8221; use_border_color=&#8221;off&#8221; border_color=&#8221;#ffffff&#8221; border_style=&#8221;solid&#8221;]<\/p>\n<p style=\"text-align: left;\">Despr\u00e8s de la formaci\u00f3 em sento motivada, he aconseguit pensar m\u00e9s en els altres i he apr\u00e8s a controlar-me. Ara em sento m\u00e9s feli\u00e7 perqu\u00e8 tinc ganes de canviar i s\u00e9 com fer-ho. \u00a0La meva vida ha canviat en positiu.<\/p>\n<p style=\"text-align: left;\">Jordi \u00e9s atent, et d\u00f3na la confian\u00e7a que et permet veure m\u00e9s enll\u00e1.<\/p>\n<p>[\/et_pb_testimonial][\/et_pb_column][\/et_pb_row][\/et_pb_section]<\/p>\n","protected":false},"excerpt":{"rendered":"<p>FORMACI\u00d3 ONLINE Despr\u00e8s de moltes peticions dels meus alumnes, i per a que la dist\u00e0ncia no sigui un problema, he desenvolupat desde coaching lleida una plataforma online per a que [&hellip;]<\/p>\n","protected":false},"author":5,"featured_media":0,"parent":5087,"menu_order":0,"comment_status":"closed","ping_status":"closed","template":"","meta":{"_acf_changed":false,"_et_pb_use_builder":"on","_et_pb_old_content":"","_et_gb_content_width":"","footnotes":""},"class_list":["post-5159","page","type-page","status-publish","hentry"],"acf":[],"yoast_head":"<!-- This site is optimized with the Yoast SEO plugin v27.3 - https:\/\/yoast.com\/product\/yoast-seo-wordpress\/ -->\n<title>FORMACI\u00d3 ONLINE - Optimitzat<\/title>\n<meta name=\"description\" content=\"Formaci\u00f3 online amb coaching lleida i Universitat per al teu \u00e8xit.Cursos per al teu desenvolupament i creixement personal a preus econ\u00f2mics desde casa teva.\" \/>\n<meta name=\"robots\" content=\"index, follow, max-snippet:-1, max-image-preview:large, max-video-preview:-1\" \/>\n<link rel=\"canonical\" href=\"https:\/\/optimitzat.com\/ca\/formacio\/formacio-online\/\" \/>\n<meta property=\"og:locale\" content=\"ca_ES\" \/>\n<meta property=\"og:type\" content=\"article\" \/>\n<meta property=\"og:title\" content=\"FORMACI\u00d3 ONLINE - Optimitzat\" \/>\n<meta property=\"og:description\" content=\"Formaci\u00f3 online amb coaching lleida i Universitat per al teu \u00e8xit.Cursos per al teu desenvolupament i creixement personal a preus econ\u00f2mics desde casa teva.\" \/>\n<meta property=\"og:url\" content=\"https:\/\/optimitzat.com\/ca\/formacio\/formacio-online\/\" \/>\n<meta property=\"og:site_name\" content=\"Optimitzat\" \/>\n<meta property=\"article:modified_time\" content=\"2016-10-28T10:55:58+00:00\" \/>\n<meta property=\"og:image\" content=\"https:\/\/optimitzat.com\/wp-content\/uploads\/2016\/03\/1LOGO-UNIV.-EXITO-OK-300x255.jpg\" \/>\n<meta name=\"twitter:card\" content=\"summary_large_image\" \/>\n<meta name=\"twitter:label1\" content=\"Temps estimat de lectura\" \/>\n\t<meta name=\"twitter:data1\" content=\"4 minuts\" \/>\n<script type=\"application\/ld+json\" class=\"yoast-schema-graph\">{\"@context\":\"https:\\\/\\\/schema.org\",\"@graph\":[{\"@type\":\"WebPage\",\"@id\":\"https:\\\/\\\/optimitzat.com\\\/ca\\\/formacio\\\/formacio-online\\\/\",\"url\":\"https:\\\/\\\/optimitzat.com\\\/ca\\\/formacio\\\/formacio-online\\\/\",\"name\":\"FORMACI\u00d3 ONLINE - Optimitzat\",\"isPartOf\":{\"@id\":\"https:\\\/\\\/optimitzat.com\\\/ca\\\/#website\"},\"primaryImageOfPage\":{\"@id\":\"https:\\\/\\\/optimitzat.com\\\/ca\\\/formacio\\\/formacio-online\\\/#primaryimage\"},\"image\":{\"@id\":\"https:\\\/\\\/optimitzat.com\\\/ca\\\/formacio\\\/formacio-online\\\/#primaryimage\"},\"thumbnailUrl\":\"https:\\\/\\\/optimitzat.com\\\/wp-content\\\/uploads\\\/2016\\\/03\\\/1LOGO-UNIV.-EXITO-OK-300x255.jpg\",\"datePublished\":\"2016-02-22T11:48:17+00:00\",\"dateModified\":\"2016-10-28T10:55:58+00:00\",\"description\":\"Formaci\u00f3 online amb coaching lleida i Universitat per al teu \u00e8xit.Cursos per al teu desenvolupament i creixement personal a preus econ\u00f2mics desde casa teva.\",\"breadcrumb\":{\"@id\":\"https:\\\/\\\/optimitzat.com\\\/ca\\\/formacio\\\/formacio-online\\\/#breadcrumb\"},\"inLanguage\":\"ca\",\"potentialAction\":[{\"@type\":\"ReadAction\",\"target\":[\"https:\\\/\\\/optimitzat.com\\\/ca\\\/formacio\\\/formacio-online\\\/\"]}]},{\"@type\":\"ImageObject\",\"inLanguage\":\"ca\",\"@id\":\"https:\\\/\\\/optimitzat.com\\\/ca\\\/formacio\\\/formacio-online\\\/#primaryimage\",\"url\":\"https:\\\/\\\/optimitzat.com\\\/wp-content\\\/uploads\\\/2016\\\/03\\\/1LOGO-UNIV.-EXITO-OK-300x255.jpg\",\"contentUrl\":\"https:\\\/\\\/optimitzat.com\\\/wp-content\\\/uploads\\\/2016\\\/03\\\/1LOGO-UNIV.-EXITO-OK-300x255.jpg\"},{\"@type\":\"BreadcrumbList\",\"@id\":\"https:\\\/\\\/optimitzat.com\\\/ca\\\/formacio\\\/formacio-online\\\/#breadcrumb\",\"itemListElement\":[{\"@type\":\"ListItem\",\"position\":1,\"name\":\"Portada\",\"item\":\"https:\\\/\\\/optimitzat.com\\\/ca\\\/inici\\\/\"},{\"@type\":\"ListItem\",\"position\":2,\"name\":\"FORMACI\u00d3\",\"item\":\"https:\\\/\\\/optimitzat.com\\\/ca\\\/formacio\\\/\"},{\"@type\":\"ListItem\",\"position\":3,\"name\":\"FORMACI\u00d3 ONLINE\"}]},{\"@type\":\"WebSite\",\"@id\":\"https:\\\/\\\/optimitzat.com\\\/ca\\\/#website\",\"url\":\"https:\\\/\\\/optimitzat.com\\\/ca\\\/\",\"name\":\"Optimitzat\",\"description\":\"Ventas, Liderazgo Equipos Alto rendimiento y Motivaci\u00f3n\",\"potentialAction\":[{\"@type\":\"SearchAction\",\"target\":{\"@type\":\"EntryPoint\",\"urlTemplate\":\"https:\\\/\\\/optimitzat.com\\\/ca\\\/?s={search_term_string}\"},\"query-input\":{\"@type\":\"PropertyValueSpecification\",\"valueRequired\":true,\"valueName\":\"search_term_string\"}}],\"inLanguage\":\"ca\"}]}<\/script>\n<!-- \/ Yoast SEO plugin. -->","yoast_head_json":{"title":"FORMACI\u00d3 ONLINE - Optimitzat","description":"Formaci\u00f3 online amb coaching lleida i Universitat per al teu \u00e8xit.Cursos per al teu desenvolupament i creixement personal a preus econ\u00f2mics desde casa teva.","robots":{"index":"index","follow":"follow","max-snippet":"max-snippet:-1","max-image-preview":"max-image-preview:large","max-video-preview":"max-video-preview:-1"},"canonical":"https:\/\/optimitzat.com\/ca\/formacio\/formacio-online\/","og_locale":"ca_ES","og_type":"article","og_title":"FORMACI\u00d3 ONLINE - Optimitzat","og_description":"Formaci\u00f3 online amb coaching lleida i Universitat per al teu \u00e8xit.Cursos per al teu desenvolupament i creixement personal a preus econ\u00f2mics desde casa teva.","og_url":"https:\/\/optimitzat.com\/ca\/formacio\/formacio-online\/","og_site_name":"Optimitzat","article_modified_time":"2016-10-28T10:55:58+00:00","og_image":[{"url":"https:\/\/optimitzat.com\/wp-content\/uploads\/2016\/03\/1LOGO-UNIV.-EXITO-OK-300x255.jpg","type":"","width":"","height":""}],"twitter_card":"summary_large_image","twitter_misc":{"Temps estimat de lectura":"4 minuts"},"schema":{"@context":"https:\/\/schema.org","@graph":[{"@type":"WebPage","@id":"https:\/\/optimitzat.com\/ca\/formacio\/formacio-online\/","url":"https:\/\/optimitzat.com\/ca\/formacio\/formacio-online\/","name":"FORMACI\u00d3 ONLINE - Optimitzat","isPartOf":{"@id":"https:\/\/optimitzat.com\/ca\/#website"},"primaryImageOfPage":{"@id":"https:\/\/optimitzat.com\/ca\/formacio\/formacio-online\/#primaryimage"},"image":{"@id":"https:\/\/optimitzat.com\/ca\/formacio\/formacio-online\/#primaryimage"},"thumbnailUrl":"https:\/\/optimitzat.com\/wp-content\/uploads\/2016\/03\/1LOGO-UNIV.-EXITO-OK-300x255.jpg","datePublished":"2016-02-22T11:48:17+00:00","dateModified":"2016-10-28T10:55:58+00:00","description":"Formaci\u00f3 online amb coaching lleida i Universitat per al teu \u00e8xit.Cursos per al teu desenvolupament i creixement personal a preus econ\u00f2mics desde casa teva.","breadcrumb":{"@id":"https:\/\/optimitzat.com\/ca\/formacio\/formacio-online\/#breadcrumb"},"inLanguage":"ca","potentialAction":[{"@type":"ReadAction","target":["https:\/\/optimitzat.com\/ca\/formacio\/formacio-online\/"]}]},{"@type":"ImageObject","inLanguage":"ca","@id":"https:\/\/optimitzat.com\/ca\/formacio\/formacio-online\/#primaryimage","url":"https:\/\/optimitzat.com\/wp-content\/uploads\/2016\/03\/1LOGO-UNIV.-EXITO-OK-300x255.jpg","contentUrl":"https:\/\/optimitzat.com\/wp-content\/uploads\/2016\/03\/1LOGO-UNIV.-EXITO-OK-300x255.jpg"},{"@type":"BreadcrumbList","@id":"https:\/\/optimitzat.com\/ca\/formacio\/formacio-online\/#breadcrumb","itemListElement":[{"@type":"ListItem","position":1,"name":"Portada","item":"https:\/\/optimitzat.com\/ca\/inici\/"},{"@type":"ListItem","position":2,"name":"FORMACI\u00d3","item":"https:\/\/optimitzat.com\/ca\/formacio\/"},{"@type":"ListItem","position":3,"name":"FORMACI\u00d3 ONLINE"}]},{"@type":"WebSite","@id":"https:\/\/optimitzat.com\/ca\/#website","url":"https:\/\/optimitzat.com\/ca\/","name":"Optimitzat","description":"Ventas, Liderazgo Equipos Alto rendimiento y Motivaci\u00f3n","potentialAction":[{"@type":"SearchAction","target":{"@type":"EntryPoint","urlTemplate":"https:\/\/optimitzat.com\/ca\/?s={search_term_string}"},"query-input":{"@type":"PropertyValueSpecification","valueRequired":true,"valueName":"search_term_string"}}],"inLanguage":"ca"}]}},"_links":{"self":[{"href":"https:\/\/optimitzat.com\/ca\/wp-json\/wp\/v2\/pages\/5159","targetHints":{"allow":["GET"]}}],"collection":[{"href":"https:\/\/optimitzat.com\/ca\/wp-json\/wp\/v2\/pages"}],"about":[{"href":"https:\/\/optimitzat.com\/ca\/wp-json\/wp\/v2\/types\/page"}],"author":[{"embeddable":true,"href":"https:\/\/optimitzat.com\/ca\/wp-json\/wp\/v2\/users\/5"}],"replies":[{"embeddable":true,"href":"https:\/\/optimitzat.com\/ca\/wp-json\/wp\/v2\/comments?post=5159"}],"version-history":[{"count":6,"href":"https:\/\/optimitzat.com\/ca\/wp-json\/wp\/v2\/pages\/5159\/revisions"}],"predecessor-version":[{"id":7303,"href":"https:\/\/optimitzat.com\/ca\/wp-json\/wp\/v2\/pages\/5159\/revisions\/7303"}],"up":[{"embeddable":true,"href":"https:\/\/optimitzat.com\/ca\/wp-json\/wp\/v2\/pages\/5087"}],"wp:attachment":[{"href":"https:\/\/optimitzat.com\/ca\/wp-json\/wp\/v2\/media?parent=5159"}],"curies":[{"name":"wp","href":"https:\/\/api.w.org\/{rel}","templated":true}]}}