{"id":5013,"date":"2016-03-16T08:51:26","date_gmt":"2016-03-16T08:51:26","guid":{"rendered":"http:\/\/optimitzat.com\/ca\/politica-de-cookies\/"},"modified":"2018-03-28T17:18:40","modified_gmt":"2018-03-28T17:18:40","slug":"politica-de-cookies","status":"publish","type":"page","link":"https:\/\/optimitzat.com\/ca\/politica-privacitat\/politica-de-cookies\/","title":{"rendered":"POL\u00cdTICA DE COOKIES"},"content":{"rendered":"<p>Av\u00eds de cookies<\/p>\n<p>&nbsp;<\/p>\n<p>Els informem que per a un correcte funcionament del web <a href=\"http:\/\/www.optimitzat.com\">www.optimitzat.com<\/a> , propietat i responsabilitat de PREVIJOB SL el sistema de navegaci\u00f3 utilitza algunes dades de navegaci\u00f3 ( &#8220;Cookies&#8221;) per poder oferir un servei m\u00e9s personalitzat als usuaris de la web.<\/p>\n<p>&nbsp;<\/p>\n<p>Les &#8220;cookies&#8221; s\u00f3n petits arxius de text que el navegador guarda quan es navega per p\u00e0gines web i aplicacions. Es pot obtenir la informaci\u00f3 de l&#8217;adre\u00e7a IP que utilitza l&#8217;ordinador per connectar-se a la p\u00e0gina web, l&#8217;adre\u00e7a URL de la p\u00e0gina web sol\u00b7licitada, l&#8217;hora de la connexi\u00f3 i altres par\u00e0metres relatius al sistema operatiu de l&#8217;entorn inform\u00e0tic de l&#8217;usuari. Aquesta informaci\u00f3 tan sols es recull per identificar la sessi\u00f3 amb l&#8217;objectiu de facilitar l&#8217;an\u00e0lisi de la p\u00e0gina web.<\/p>\n<p>&nbsp;<\/p>\n<p>JORDI URGELL L\u00d3PEZ a la seva web tan sols utilitza &#8220;cookies&#8221; de tercers del servei ofert per Google Analytics; que \u00e9s un servei d&#8217;estad\u00edstiques de p\u00e0gines web que ofereix Google, Inc. Google Analytics recull informaci\u00f3 de l&#8217;equip de l&#8217;usuari per obtenir informes sobre l&#8217;activitat de l&#8217;aplicaci\u00f3; guardant la informaci\u00f3 emmagatzemada en servidors dels Estats Units.<\/p>\n<p>&nbsp;<\/p>\n<p>En tot cas, en el sup\u00f2sit que es captin dades de car\u00e0cter personal- en aquest cas tan sols la Ip d&#8217;acc\u00e9s; els informem que aquestes seran tractades i incorporades en un Fitxer denominat &#8220;M\u00e0rqueting&#8221; responsabilitat de JORDI URGELL L\u00d3PEZ.<\/p>\n<p>D&#8217;acord el que disposa la normativa sobre protecci\u00f3 de dades de car\u00e0cter personal, l&#8217;informem que pot exercitar els drets d&#8217;acc\u00e9s, rectificaci\u00f3 o supressi\u00f3, la limitaci\u00f3 del tractament o oposar-se, aix\u00ed com el dret a la portabilitat de les dades a: C \/ CAM\u00cd PALAU, N\u00ba30, 25230 Mollerussa (Lleida).<\/p>\n<p>&nbsp;<\/p>\n<p>S&#8217;informa a l&#8217;usuari que Google podr\u00e0 transmetre aquesta informaci\u00f3 a tercers quan aix\u00ed ho requereixi la llei, o quan aquests tercers processin la informaci\u00f3 per compte de Google. Google no associar\u00e0 la direcci\u00f3 d&#8217;IP de l&#8217;usuari amb una altra dada de qu\u00e8 disposen, i per tant ho faran totalment de forma anonimitzada.<\/p>\n<p>Per refusar o eliminar aquesta &#8220;galeta&#8221; es pot consultar la seg\u00fcent adre\u00e7a:<\/p>\n<p><a href=\"http:\/\/www.google.com\/intl\/ca\/policies\/privacy\/\">http:\/\/www.google.com\/intl\/ca\/policies\/privacy\/<\/a><\/p>\n<p><a href=\"http:\/\/www.google.com\/intl\/en\/privacypolicy.html\">http:\/\/www.google.com\/intl\/en\/privacypolicy.html<\/a><\/p>\n<p>&nbsp;<\/p>\n<p>En qualsevol cas, l&#8217;usuari pot habilitar l&#8217;opci\u00f3 del seu propi sistema de navegaci\u00f3 per no permetre la instal\u00b7laci\u00f3 de cookies; sense que en cap cas JORDI URGELL L\u00d3PEZ pugui ser responsable que la inhabilitaci\u00f3 de Cookies comporti que alguns dels serveis que ofereix aquesta web no funcioni correctament.<\/p>\n<p>&nbsp;<\/p>\n<p>Per a m\u00e9s informaci\u00f3 sobre les cookies i la seva manera de deshabitarlas segons el seu sistema de navegaci\u00f3 pot consultar els seg\u00fcents links: www.aboutcookies.org i <a href=\"http:\/\/www.aboutcookies.org\/Default.aspx?page=1\">http:\/\/www.aboutcookies.org\/Default.aspx?page=1<\/a><\/p>\n<p>&nbsp;<\/p>\n<p>A m\u00e9s tamb\u00e9 pot desactivar les cookies des del propi navegador que utilitzeu en el seu propi dispositiu; sent els passos a seguir en els navegadors m\u00e9s utilitzats:<\/p>\n<p>&nbsp;<\/p>\n<p>&#8211; Microsoft Internet Explorer, en l&#8217;opci\u00f3 de men\u00fa Eines \u2192 Opcions d&#8217;Internet \u2192 Privacitat \u2192 Configuraci\u00f3.<\/p>\n<p>&nbsp;<\/p>\n<p>&#8211; Firefox, en l&#8217;opci\u00f3 de men\u00fa Eines \u2192 Opcions \u2192 Privadesa \u2192 Galetes.<\/p>\n<p>&#8211; Chrome: Configuraci\u00f3 \u2192 Mostra opcions avan\u00e7ades \u2192 Privacitat \u2192 Configuraci\u00f3 de contingut.<\/p>\n<p>Safari: Prefer\u00e8ncies \u2192 Seguretat.<\/p>\n<p>&nbsp;<\/p>\n<p>En cas contrari, i havent informat JORDI URGELL L\u00d3PEZ de l&#8217;\u00fas de cookies, i sense que aquestes hagin estat inhabilitades implica que l&#8217;usuari d\u00f3na el seu consentiment al tractament de dades per Google en la forma que preveu aquesta av\u00eds i per a les finalitats descrites.<\/p>\n<p>&nbsp;<\/p>\n<p>En cas de dubte o de qualsevol comentari, es pot adre\u00e7ar a JORDI URGELL L\u00d3PEZ a trav\u00e9s dels seus mitjans d&#8217;atenci\u00f3 al p\u00fablic.<\/p>\n<p>O comunicar-se amb nosaltres a trav\u00e9s de: <a href=\"mailto:info@optimitzat.com\">info@optimitzat.com<\/a><\/p>\n","protected":false},"excerpt":{"rendered":"<p>Av\u00eds de cookies &nbsp; Els informem que per a un correcte funcionament del web www.optimitzat.com , propietat i responsabilitat de PREVIJOB SL el sistema de navegaci\u00f3 utilitza algunes dades de [&hellip;]<\/p>\n","protected":false},"author":5,"featured_media":0,"parent":5019,"menu_order":0,"comment_status":"closed","ping_status":"closed","template":"","meta":{"_acf_changed":false,"_et_pb_use_builder":"","_et_pb_old_content":"","_et_gb_content_width":"","footnotes":""},"class_list":["post-5013","page","type-page","status-publish","hentry"],"acf":[],"yoast_head":"<!-- This site is optimized with the Yoast SEO plugin v27.5 - https:\/\/yoast.com\/product\/yoast-seo-wordpress\/ -->\n<title>POL\u00cdTICA DE COOKIES - Optimitzat<\/title>\n<meta name=\"description\" content=\"Pol\u00edtica coookies\" \/>\n<meta name=\"robots\" content=\"noindex, follow\" \/>\n<meta property=\"og:locale\" content=\"ca_ES\" \/>\n<meta property=\"og:type\" content=\"article\" \/>\n<meta property=\"og:title\" content=\"POL\u00cdTICA DE COOKIES - Optimitzat\" \/>\n<meta property=\"og:description\" content=\"Pol\u00edtica coookies\" \/>\n<meta property=\"og:url\" content=\"https:\/\/optimitzat.com\/ca\/politica-privacitat\/politica-de-cookies\/\" \/>\n<meta property=\"og:site_name\" content=\"Optimitzat\" \/>\n<meta property=\"article:modified_time\" content=\"2018-03-28T17:18:40+00:00\" \/>\n<meta name=\"twitter:card\" content=\"summary_large_image\" \/>\n<meta name=\"twitter:label1\" content=\"Temps estimat de lectura\" \/>\n\t<meta name=\"twitter:data1\" content=\"3 minuts\" \/>\n<script type=\"application\/ld+json\" class=\"yoast-schema-graph\">{\"@context\":\"https:\\\/\\\/schema.org\",\"@graph\":[{\"@type\":\"WebPage\",\"@id\":\"https:\\\/\\\/optimitzat.com\\\/ca\\\/politica-privacitat\\\/politica-de-cookies\\\/\",\"url\":\"https:\\\/\\\/optimitzat.com\\\/ca\\\/politica-privacitat\\\/politica-de-cookies\\\/\",\"name\":\"POL\u00cdTICA DE COOKIES - Optimitzat\",\"isPartOf\":{\"@id\":\"https:\\\/\\\/optimitzat.com\\\/ca\\\/#website\"},\"datePublished\":\"2016-03-16T08:51:26+00:00\",\"dateModified\":\"2018-03-28T17:18:40+00:00\",\"description\":\"Pol\u00edtica coookies\",\"breadcrumb\":{\"@id\":\"https:\\\/\\\/optimitzat.com\\\/ca\\\/politica-privacitat\\\/politica-de-cookies\\\/#breadcrumb\"},\"inLanguage\":\"ca\",\"potentialAction\":[{\"@type\":\"ReadAction\",\"target\":[\"https:\\\/\\\/optimitzat.com\\\/ca\\\/politica-privacitat\\\/politica-de-cookies\\\/\"]}]},{\"@type\":\"BreadcrumbList\",\"@id\":\"https:\\\/\\\/optimitzat.com\\\/ca\\\/politica-privacitat\\\/politica-de-cookies\\\/#breadcrumb\",\"itemListElement\":[{\"@type\":\"ListItem\",\"position\":1,\"name\":\"Portada\",\"item\":\"https:\\\/\\\/optimitzat.com\\\/ca\\\/inici\\\/\"},{\"@type\":\"ListItem\",\"position\":2,\"name\":\"POL\u00cdTICA PRIVACITAT\",\"item\":\"https:\\\/\\\/optimitzat.com\\\/ca\\\/politica-privacitat\\\/\"},{\"@type\":\"ListItem\",\"position\":3,\"name\":\"POL\u00cdTICA DE COOKIES\"}]},{\"@type\":\"WebSite\",\"@id\":\"https:\\\/\\\/optimitzat.com\\\/ca\\\/#website\",\"url\":\"https:\\\/\\\/optimitzat.com\\\/ca\\\/\",\"name\":\"Optimitzat\",\"description\":\"Ventas, Liderazgo Equipos Alto rendimiento y Motivaci\u00f3n\",\"potentialAction\":[{\"@type\":\"SearchAction\",\"target\":{\"@type\":\"EntryPoint\",\"urlTemplate\":\"https:\\\/\\\/optimitzat.com\\\/ca\\\/?s={search_term_string}\"},\"query-input\":{\"@type\":\"PropertyValueSpecification\",\"valueRequired\":true,\"valueName\":\"search_term_string\"}}],\"inLanguage\":\"ca\"}]}<\/script>\n<!-- \/ Yoast SEO plugin. -->","yoast_head_json":{"title":"POL\u00cdTICA DE COOKIES - Optimitzat","description":"Pol\u00edtica coookies","robots":{"index":"noindex","follow":"follow"},"og_locale":"ca_ES","og_type":"article","og_title":"POL\u00cdTICA DE COOKIES - Optimitzat","og_description":"Pol\u00edtica coookies","og_url":"https:\/\/optimitzat.com\/ca\/politica-privacitat\/politica-de-cookies\/","og_site_name":"Optimitzat","article_modified_time":"2018-03-28T17:18:40+00:00","twitter_card":"summary_large_image","twitter_misc":{"Temps estimat de lectura":"3 minuts"},"schema":{"@context":"https:\/\/schema.org","@graph":[{"@type":"WebPage","@id":"https:\/\/optimitzat.com\/ca\/politica-privacitat\/politica-de-cookies\/","url":"https:\/\/optimitzat.com\/ca\/politica-privacitat\/politica-de-cookies\/","name":"POL\u00cdTICA DE COOKIES - Optimitzat","isPartOf":{"@id":"https:\/\/optimitzat.com\/ca\/#website"},"datePublished":"2016-03-16T08:51:26+00:00","dateModified":"2018-03-28T17:18:40+00:00","description":"Pol\u00edtica coookies","breadcrumb":{"@id":"https:\/\/optimitzat.com\/ca\/politica-privacitat\/politica-de-cookies\/#breadcrumb"},"inLanguage":"ca","potentialAction":[{"@type":"ReadAction","target":["https:\/\/optimitzat.com\/ca\/politica-privacitat\/politica-de-cookies\/"]}]},{"@type":"BreadcrumbList","@id":"https:\/\/optimitzat.com\/ca\/politica-privacitat\/politica-de-cookies\/#breadcrumb","itemListElement":[{"@type":"ListItem","position":1,"name":"Portada","item":"https:\/\/optimitzat.com\/ca\/inici\/"},{"@type":"ListItem","position":2,"name":"POL\u00cdTICA PRIVACITAT","item":"https:\/\/optimitzat.com\/ca\/politica-privacitat\/"},{"@type":"ListItem","position":3,"name":"POL\u00cdTICA DE COOKIES"}]},{"@type":"WebSite","@id":"https:\/\/optimitzat.com\/ca\/#website","url":"https:\/\/optimitzat.com\/ca\/","name":"Optimitzat","description":"Ventas, Liderazgo Equipos Alto rendimiento y Motivaci\u00f3n","potentialAction":[{"@type":"SearchAction","target":{"@type":"EntryPoint","urlTemplate":"https:\/\/optimitzat.com\/ca\/?s={search_term_string}"},"query-input":{"@type":"PropertyValueSpecification","valueRequired":true,"valueName":"search_term_string"}}],"inLanguage":"ca"}]}},"_links":{"self":[{"href":"https:\/\/optimitzat.com\/ca\/wp-json\/wp\/v2\/pages\/5013","targetHints":{"allow":["GET"]}}],"collection":[{"href":"https:\/\/optimitzat.com\/ca\/wp-json\/wp\/v2\/pages"}],"about":[{"href":"https:\/\/optimitzat.com\/ca\/wp-json\/wp\/v2\/types\/page"}],"author":[{"embeddable":true,"href":"https:\/\/optimitzat.com\/ca\/wp-json\/wp\/v2\/users\/5"}],"replies":[{"embeddable":true,"href":"https:\/\/optimitzat.com\/ca\/wp-json\/wp\/v2\/comments?post=5013"}],"version-history":[{"count":4,"href":"https:\/\/optimitzat.com\/ca\/wp-json\/wp\/v2\/pages\/5013\/revisions"}],"predecessor-version":[{"id":8898,"href":"https:\/\/optimitzat.com\/ca\/wp-json\/wp\/v2\/pages\/5013\/revisions\/8898"}],"up":[{"embeddable":true,"href":"https:\/\/optimitzat.com\/ca\/wp-json\/wp\/v2\/pages\/5019"}],"wp:attachment":[{"href":"https:\/\/optimitzat.com\/ca\/wp-json\/wp\/v2\/media?parent=5013"}],"curies":[{"name":"wp","href":"https:\/\/api.w.org\/{rel}","templated":true}]}}